{"id":102,"date":"2017-07-05T13:28:00","date_gmt":"2017-07-05T13:28:00","guid":{"rendered":"http:\/\/jstorefree.phoeniixxdemo.com\/?page_id=102"},"modified":"2024-10-17T11:40:16","modified_gmt":"2024-10-17T14:40:16","slug":"home","status":"publish","type":"page","link":"https:\/\/colegioecursocpm.com.br\/","title":{"rendered":"SEDE PARA A OBMEP"},"content":{"rendered":"<p>A Olimp\u00edada Brasileira de Matem\u00e1tica das Escolas P\u00fablicas &#8211; OBMEP \u00e9 um projeto nacional dirigido \u00e0s escolas p\u00fablicas e privadas brasileiras. Nosso col\u00e9gio ser\u00e1 sede para a aplica\u00e7\u00e3o da prova em 2024.<\/p>\n<p><img loading=\"lazy\" decoding=\"async\" class=\"aligncenter size-full wp-image-3013\" src=\"https:\/\/colegioecursocpm.com.br\/site_novo\/wp-content\/uploads\/2024\/10\/NOSSO-COLEGIO-SERA-SEDE-DA-OBMEP-2024.jpg\" alt=\"\" width=\"1920\" height=\"1080\" srcset=\"https:\/\/colegioecursocpm.com.br\/site_novo\/wp-content\/uploads\/2024\/10\/NOSSO-COLEGIO-SERA-SEDE-DA-OBMEP-2024.jpg 1920w, https:\/\/colegioecursocpm.com.br\/site_novo\/wp-content\/uploads\/2024\/10\/NOSSO-COLEGIO-SERA-SEDE-DA-OBMEP-2024-300x169.jpg 300w, https:\/\/colegioecursocpm.com.br\/site_novo\/wp-content\/uploads\/2024\/10\/NOSSO-COLEGIO-SERA-SEDE-DA-OBMEP-2024-1024x576.jpg 1024w, https:\/\/colegioecursocpm.com.br\/site_novo\/wp-content\/uploads\/2024\/10\/NOSSO-COLEGIO-SERA-SEDE-DA-OBMEP-2024-768x432.jpg 768w, https:\/\/colegioecursocpm.com.br\/site_novo\/wp-content\/uploads\/2024\/10\/NOSSO-COLEGIO-SERA-SEDE-DA-OBMEP-2024-1536x864.jpg 1536w\" sizes=\"auto, (max-width: 1920px) 100vw, 1920px\" \/><\/p>\n","protected":false},"excerpt":{"rendered":"<p>A Olimp\u00edada Brasileira de Matem\u00e1tica das Escolas P\u00fablicas &#8211; OBMEP \u00e9 um projeto nacional dirigido \u00e0s escolas p\u00fablicas e privadas brasileiras. Nosso col\u00e9gio ser\u00e1 sede para a aplica\u00e7\u00e3o da prova em 2024.<\/p>\n","protected":false},"author":1,"featured_media":3013,"parent":0,"menu_order":0,"comment_status":"closed","ping_status":"closed","template":"template-frontpage.php","meta":{"footnotes":""},"class_list":["post-102","page","type-page","status-publish","has-post-thumbnail","hentry"],"_links":{"self":[{"href":"https:\/\/colegioecursocpm.com.br\/index.php\/wp-json\/wp\/v2\/pages\/102","targetHints":{"allow":["GET"]}}],"collection":[{"href":"https:\/\/colegioecursocpm.com.br\/index.php\/wp-json\/wp\/v2\/pages"}],"about":[{"href":"https:\/\/colegioecursocpm.com.br\/index.php\/wp-json\/wp\/v2\/types\/page"}],"author":[{"embeddable":true,"href":"https:\/\/colegioecursocpm.com.br\/index.php\/wp-json\/wp\/v2\/users\/1"}],"replies":[{"embeddable":true,"href":"https:\/\/colegioecursocpm.com.br\/index.php\/wp-json\/wp\/v2\/comments?post=102"}],"version-history":[{"count":3,"href":"https:\/\/colegioecursocpm.com.br\/index.php\/wp-json\/wp\/v2\/pages\/102\/revisions"}],"predecessor-version":[{"id":3014,"href":"https:\/\/colegioecursocpm.com.br\/index.php\/wp-json\/wp\/v2\/pages\/102\/revisions\/3014"}],"wp:featuredmedia":[{"embeddable":true,"href":"https:\/\/colegioecursocpm.com.br\/index.php\/wp-json\/wp\/v2\/media\/3013"}],"wp:attachment":[{"href":"https:\/\/colegioecursocpm.com.br\/index.php\/wp-json\/wp\/v2\/media?parent=102"}],"curies":[{"name":"wp","href":"https:\/\/api.w.org\/{rel}","templated":true}]}}