{"id":2441,"date":"2023-11-17T18:56:27","date_gmt":"2023-11-17T21:56:27","guid":{"rendered":"https:\/\/www.rcsouzasites.com.br\/cpm\/?page_id=2441"},"modified":"2023-12-29T09:45:30","modified_gmt":"2023-12-29T12:45:30","slug":"depoimentos","status":"publish","type":"page","link":"https:\/\/colegioecursocpm.com.br\/index.php\/depoimentos\/","title":{"rendered":"Depoimentos"},"content":{"rendered":"<p><em>Vitor Castro \u2013 APROVADO AFA<\/em><\/p>\n<p>Desde o primeiro dia que pisei no CPM me senti profundamente acolhido por todos. Ter a certeza que poderia contar com todos ali presentes sem sombra de d\u00favidas ajudou muito para o alcance do objetivo final, o de ser aprovado no concurso da Academia da For\u00e7a A\u00e9rea. Somente os que por ali passaram sabem das in\u00fameras dificuldades enfrentadas, a falta de motiva\u00e7\u00e3o, o sono di\u00e1rio, as incertezas dos concursos e as frustra\u00e7\u00f5es de n\u00e3o ser aprovado. Apesar de tudo, a equipe CPM soube conduzir muito bem todos os alunos para o sucesso. Sou muito grato \u00e0 todos que fizeram parte desse sonho. Devido a este conjunto de fatores, consegui ser aprovado e classificado nas 4 provas que prestei (AFA, EsPCEX, EEAR e ESA). Para os que ainda est\u00e3o na luta, n\u00e3o desistam, pois vale muito a pena todo o sacrif\u00edcio, esfor\u00e7o e abdica\u00e7\u00f5es. Forte abra\u00e7o! Aspirante Intendente Castro.<\/p>\n<p><em>Amanda estrada \u2013 APROVADA EEAR<\/em><\/p>\n<p>Quando decidi que queria ser militar, n\u00e3o sabia por onde come\u00e7ar porque n\u00e3o tinha militar na fam\u00edlia, ent\u00e3o soube do CPM por uma palestra na escola e o curso me proporcionou todo o apoio de que precisei para conseguir passar no concurso, al\u00e9m de proporcionar amigos para a vida. Os professores estavam sempre dispostos a n\u00f3s ajudar, e sempre diziam que a gente s\u00f3 tem a nossa vaga, os exerc\u00edcios, as aulas e os simulados, foram de extrema import\u00e2ncia e ajuda, agrade\u00e7o muito por ter estudado no CPM.<\/p>\n<p><em>Barbara Calixto \u2013 APRVADA AFA<\/em><\/p>\n<p>Meu sonho de ser militar nasceu com a grande e honrosa influ\u00eancia do meu av\u00f4, o qual era sempre meu exemplo de dignidade e humildade. Ent\u00e3o, em 2019 procurei conhecer mais sobre os meios de ingresso na EPCAR e, assim, realizei a prova de bolsas e iniciei meus estudos no CPM, no qual todos os dias era recebida com muito carinho e apoio. Acredito que o elo crucial entre os intensos 6 meses de estudo para EPCAR e a aprova\u00e7\u00e3o foi justamente acreditarem no meu potencial. Infelizmente, no final dos exames, n\u00e3o obtive sucesso dentre as vagas, entretanto fui integralmente acolhida por toda equipe para continuar os estudos. Ap\u00f3s isso, dediquei-me para a prova da AFA em meio \u00e0 pandemia e, por mais que encontrei muitos percal\u00e7os no caminho, expresso aqui minha eterna gratid\u00e3o ao Curso CPM por todas manh\u00e3s, tardes e noites que nos acolhiam no cursinho entendendo a dificuldade do estudo \u00e0 domic\u00edlio e confiando em cada um de n\u00f3s. E, no final do processo, ap\u00f3s um ano t\u00e3o at\u00edpico, consegui colher os frutos de tanto esfor\u00e7o, obtendo aprova\u00e7\u00e3o na t\u00e3o sonhada AFA, assim como na EEAR, ESA e ESPCEX. Dessa forma, agrade\u00e7o \u00e0 imensa equipe de professores e funcion\u00e1rios e aos amigos que fiz durante a trajet\u00f3ria.<\/p>\n<p><em>Rayan Silva \u2013 APROVADO ESA<\/em><\/p>\n<p>Meu desejo e sonho desde crian\u00e7a foi ser militar , tanto pela carreira que esse trabalho proporciona quanto pelas oportunidades de diversas atividades e experi\u00eancias incr\u00edveis que somos capazes de desfrutar , o CPM foi o curso que me orientou e ajudou a colocar em pr\u00e1tica a busca para a realiza\u00e7\u00e3o desse sonho e gra\u00e7as a Deus , com muito esfor\u00e7o ,dedica\u00e7\u00e3o e comprometimento com o col\u00e9gio e curso Cpm consegui lograr \u00eaxito no concurso, devido a diversos simulados, listas de exerc\u00edcios e aul\u00f5es nos fim de semana para retirada de d\u00favidas . S\u00f3 tenho a agradecer a todos pelo apoio e a fam\u00edlia que formei junto com os amigos e colegas que buscam trilhar o mesmo caminho.<\/p>\n<p><em>Lucas Oliva ( FORMANDO 2023)<\/em><\/p>\n<p>Antes do CPM, eu estudava em um col\u00e9gio onde eu tinha muitas dificuldades com o ensino. Os professores n\u00e3o ensinavam direito, professores n\u00e3o se importando com o aluno, dentre outros problemas. Mas, tudo mudou no ano de 2020. Eu, em 2020, ainda n\u00e3o estudava no CPM, mas foi gra\u00e7as a pandemia que fui para o CPM. Durante a pandemia, minhas notas n\u00e3o eram \u00f3timas, minhas notas eram notas &#8220;ok&#8221;&#8230; E sinceramente, as aulas online do meu antigo col\u00e9gio, era horr\u00edvel. As aulas online come\u00e7aram em meados de abril de 2020, j\u00e1 no meu antigo col\u00e9gio come\u00e7ou em junho. O sistema da escola era fraco e sem conte\u00fado. Assim que acabou o ano letivo, eu havia passado de ano e precisava de um sistema de ensino diferente. Foi a\u00ed que eu escolhi o CPM. O ensino, em compara\u00e7\u00e3o ao meu col\u00e9gio anterior, \u00e9 muito superior. Os professores do CPM realmente amam o que fazem, eles realmente ensinam os alunos por amor, eles querem nos ver crescendo na vida e nos tornando pessoas melhores no futuro. Al\u00e9m disso, os funcion\u00e1rios, da faxineira at\u00e9 a coordena\u00e7\u00e3o, se importam com seus estudantes, eles realmente olham como voc\u00ea est\u00e1 psicologicamente e fisicamente. Eles realmente se importam com voc\u00ea, e isso eu admiro muito. O CPM s\u00f3 me ajudou, conheci pessoas novas incr\u00edveis, conheci professores que levarei para toda a vida, tive experi\u00eancias incr\u00edveis nesse col\u00e9gio. Amo esse col\u00e9gio de todo o cora\u00e7\u00e3o, e s\u00f3 tenho a agradecer.<\/p>\n<p><em>Vitor Hsu- APROVADO EPCAR<\/em><\/p>\n<p>Desde crian\u00e7a, sempre fui apaixonado por avi\u00f5es. Eu n\u00e3o sabia como iria alcan\u00e7ar, mas queria me tornar um aviador. Por contato com familiares, descobri bem cedo o militarismo, despertando em mim o sonho de n\u00e3o ser apenas um aviador, e sim um aviador militar. Confesso ter me sentido perdido durante esta decis\u00e3o, por\u00e9m &#8211; gra\u00e7as ao apoio dos meus pais e \u00e0s recomenda\u00e7\u00f5es de amigos que faziam o cursinho, conheci a fam\u00edlia CPM, que me acolheram e me ajudaram em todo este processo. O CPM n\u00e3o me proporcionou apenas aulas de qualidade, como tamb\u00e9m todo um suporte emocional que considero como a pe\u00e7a fundamental para a minha prepara\u00e7\u00e3o. \u00c9 evidente o quanto que os virad\u00f5es, coaches e o imenso contato da coordena\u00e7\u00e3o com cada membro do curso contribu\u00edram para a minha aprova\u00e7\u00e3o. Ao olhar para tr\u00e1s, \u00e9 n\u00edtido que o CPM foi o diferencial para a minha vida, e que levarei tal aprendizado para toda a minha carreira no militarismo.<\/p>\n<p><em>Arthur Salom\u00e3o (FORMANDO 2022)<\/em><\/p>\n<p>Eu entrei para o col\u00e9gio cpm em 2020, mas fazia parte do cursinho desde 2018 O ano em que entrei no col\u00e9gio acredito que tenha sido o ano mais dif\u00edcil para todos, mas posso dizer que em meio toda a turbul\u00eancia que o mundo se passava o cpm deu assist\u00eancia a todos os seus alunos e foi o primeiro da cidade a implementar o sistema de ensino a dist\u00e2ncia (EaD). Mesmo em meio a pandemia, em meio ao caos que estava o mundo no momento, o col\u00e9gio sempre procurou guiar os alunos, sempre de importando com seus objetivos, tanto at\u00e9 que t\u00ednhamos aulas de mentoria, onde aprendemos a organizar os estudos sem que isso se torne algo chato. A escola foi quem mais me apoiou em todas as minhas decis\u00f5es sobre profiss\u00f5es e sempre me deram o aux\u00edlio. Os professores eram mais do que algu\u00e9m que nos ensinavam, eles eram nossos amigos, eles sempre foram os melhores, sempre dando aula com um sorriso no rosto, eles sim mostravam que amavam a profiss\u00e3o que tinham. Mesmo a dist\u00e2ncia, o CPM se mostrou mais do que uma simples escola, ele se mostrou como uma fam\u00edlia para mim. Eu s\u00f3 tenho que agradecer a essa escola por todo o aux\u00edlio que me deram e por todas as vezes que me deram uma li\u00e7\u00e3o de vida. Se perguntasse hoje uma palavra que define o col\u00e9gio CPM eu responderia &#8220;evolu\u00e7\u00e3o&#8221;, pois l\u00e1 dentro voc\u00ea se torna um futuro l\u00edder e um futuro cidad\u00e3o de bem.<\/p>\n<p><em>Victor Reis \u2013 APROVADO ESA<\/em><\/p>\n<p>Minha vontade de ser militar veio muito cedo em um desfile de 7 de setembro na minha cidade. Desde ent\u00e3o todos meus esfor\u00e7os foram para ingressar nas For\u00e7as Armadas. Em 2016 logrei \u00eaxito em entrar na EPCAR, mas depois de um ano sai. Depois de algumas dificuldades entrei na ESA e me formei em 2021 e hoje vivo o sonho da \u00e1rdua miss\u00e3o que \u00e9 ser militar e tenho ci\u00eancia que \u00e9 s\u00f3 o come\u00e7o e agrade\u00e7o por todas as dificuldades que me foram colocadas, pois, foram elas que me moldaram e fizeram com que eu amadurecesse. E um pe\u00e7a fundamental para isso foi a exist\u00eancia de um suporte e o maior deles foi o curso CPM e as amizades que l\u00e1 fiz, as quais levo at\u00e9 hoje comigo.<\/p>\n<p><em>Luana \u2013 APROVADA EEAR<\/em><\/p>\n<p>Desde a minha inf\u00e2ncia o militarismo era um sonho que sempre esteve vivo em mim, e foi com o apoio dos meus pais e do curso CPM que pude conquista-lo. O curso CPM foi mais que apenas um cursinho preparat\u00f3rio, foi minha segunda casa, na qual recebi apoio, motiva\u00e7\u00e3o, inspira\u00e7\u00e3o e fiz amizades. Com muito esfor\u00e7o realizei meu sonho de ingressar na for\u00e7a a\u00e9rea e hoje viver o que sempre sonhei. Meus sinceros agradecimentos aos meus pais, aos meus mestres, Almeida, Paula, Fabr\u00edcio, Marlon, Uch\u00f4a, Roberta, \u00c1lvaro, e todos aqueles que de alguma forma contribu\u00edram na minha trajet\u00f3ria, de nada seria capaz sem voc\u00eas.<\/p>\n<p><em>Gustavo Gomes (3\u00baEM)<\/em><\/p>\n<p>Entrei no CPM no fim do meu ensino fundamental II, e por mais que estiv\u00e9ssemos no meio de uma complicada pandemia, a infraestrutura do CPM me permitiu a continua\u00e7\u00e3o de meus estudos. Esse ano, com a volta definitiva das aulas presenciais, o contato aluno e professor se tornou fundamental, diversas foram as vezes que precisava de alguma ajuda e sempre estavam l\u00e1 por n\u00f3s. Agrade\u00e7o muito por tudo que podem nos providenciar<\/p>\n<p><em>Isabelly Prado (2\u00baEM)<\/em><\/p>\n<p>O CPM \u00e9 uma institui\u00e7\u00e3o escolar na qual visa e sempre visou a melhor aprendizagem do aluno e acima de tudo o transformar em um civil preparado para viver a vida fora dos muros escolares. Nossa escola nunca deixou de lado priorizar a educa\u00e7\u00e3o, por\u00e9m sempre ao lado da fam\u00edlia e do aluno, o CPM possui profissionais bem qualificados e um excelente suporte. Desde o dia em que entrei l\u00e1 me senti muito bem acolhida por todos e sempre que precisei eles se propuseram a me ajudar, a escola nos ajuda a conseguir alcan\u00e7ar nossas metas e sonhos, em meio a pandemia da covid-19 eles souberam como tomar a frente da situa\u00e7\u00e3o e em momento algum nos deixaram na m\u00e3o. O curso CPM tem uma pegada bem diferente da escola, l\u00e1 os alunos s\u00e3o guiados pelos professores, diretores e coordenadores em como conquistar o concurso ou vestibular t\u00e3o sonhado, de portas sempre abertas eles nos d\u00e3o total apoio e ajuda para isso.<\/p>\n<p><em>Vitor Scarabel (EsPCEX )<\/em><\/p>\n<p>Entrei para a turma do curso preparat\u00f3rio da EsPCEX nesse ano, tive a maior surpresa ao encontrar um ambiente que n\u00e3o nos trata apenas como alunos, mas sim integrantes de uma grande fam\u00edlia, isso parte desde os professores, funcion\u00e1rios, coordena\u00e7\u00e3o e os pr\u00f3prios alunos. Sou extremamente grato por tudo que aprendi com os professores, sempre entregando o conte\u00fado da melhor maneira poss\u00edvel, se preocupando para que toda a sala entendesse e aplicasse o conte\u00fado. Sou grato tamb\u00e9m pelo apoio dado em momentos de d\u00favidas e incertezas, onde o &#8220;Tio Almeida&#8221; tem o papel fundamental de nos colocar de volta no caminho certo, al\u00e9m de dar a for\u00e7a para que sigamos lutando pela t\u00e3o sonhada aprova\u00e7\u00e3o. Gra\u00e7as a tudo que o curso me proporcionou, percebi uma grande evolu\u00e7\u00e3o pessoal no \u00e2mbito do estudo, tendo por diversas vezes, a oportunidade de passar meu conhecimento a colegas do curso, algo extremamente ben\u00e9fico, pois l\u00e1 nos \u00e9 dito que ningu\u00e9m faz nada sozinho e que devemos crescer juntos para a conquista de nossos objetivos! A todos do col\u00e9gio e curso CPM, meu muito obrigado!!!<\/p>\n<p><em>Thiago Silveira (EsPCEX &#8211; APROVADO 2022)<\/em><\/p>\n<p>Sou imensamente grato pela oportunidade de estudar no CPM! Infelizmente fiz apenas o curso, gostaria de ter feito o colegial tamb\u00e9m, digo isso por todo o suporte, dedica\u00e7\u00e3o e comprometimento n\u00e3o s\u00f3 dos professores e da dire\u00e7\u00e3o, mas de todos os funcion\u00e1rios . Quando descobri o curso fui l\u00e1 visitar e em meio a reforma da nova unidade eu vi n\u00e3o s\u00f3 os pr\u00f3prios donos mas tamb\u00e9m sua fam\u00edlia envolvidos e ajudando em tudo, e isso sempre acontece, toda a equipe faz quest\u00e3o de apoiar e acompanhar os alunos, dando muito mais suporte e perspectiva que apenas um material ou uma simples aula. Sempre temos \u00f3timas oportunidades al\u00e9m das aulas, grupos de estudos, monitorias, palestras, depoimentos de ex &#8211; alunos e aconselhamento. O CPM valoriza o conhecimento e os alunos, tornando o processo mais acolhedor sem nunca deixar de ser rigoroso, isso apenas aumenta a efici\u00eancia e o progresso dos alunos, n\u00e3o s\u00f3 em nossa vida acad\u00eamica.<\/p>\n<p><em>Higor ( BARRO BRANCO-APROVADO 2023)<\/em><\/p>\n<p>Dei in\u00edcio a minha jornada no CPM no in\u00edcio do ano. Em t\u00e3o pouco tempo, fui capaz de passar por experi\u00eancias \u00edmpares, tanto na quest\u00e3o acad\u00eamica, quanto na quest\u00e3o introspectiva, que jamais imaginaria que passaria. Gra\u00e7as a essa institui\u00e7\u00e3o, vi uma evolu\u00e7\u00e3o exponencial no quesito acad\u00eamico. N\u00e3o me lembro de uma vez sequer que os professores n\u00e3o me ajudaram de imediato quando surgiam d\u00favidas. Materiais incr\u00edveis e completos acompanhado de profissionais excepcionais para o suporte dos alunos. Mas n\u00e3o apenas de estudo vive o CPM! Perdi a conta de quantas vezes tive conversas incr\u00edveis com os professores e com o Almeida. O suporte emocional, os conselhos e at\u00e9 os pux\u00f5es de orelha, se fazem v\u00e1lidos para o nosso crescimento. N\u00e3o poderia ter escolhido melhor! Sem d\u00favida um curso \u00edmpar, de extrema qualidade e cuidado com seus alunos. Meus sinceros agradecimentos ao CPM e \u00e0 equipe maravilhosa dessa institui\u00e7\u00e3o<\/p>\n<p><em>Arthur Silva- APROVADO EPCAR<\/em><\/p>\n<p>Sempre desejei a avia\u00e7\u00e3o, em especial, a militar. Por conta disso, quando decidi por prestar o concurso para EPCAR, pude me apoiar na equipe do CPM para me ajudarem a alcan\u00e7ar esse sonho. Cheguei ao cursinho com muitas dificuldades nas \u00e1reas mais b\u00e1sicas do conhecimento em matem\u00e1tica, principalmente; por\u00e9m, gra\u00e7as a ajuda dos professores que se empenhavam em tirar d\u00favidas e repassar esse conhecimento, somado aos esfor\u00e7os da equipe administrativa do CPM (especialmente o Almeida) e a determina\u00e7\u00e3o que tudo isso me gerava, consegui garantir minha vaga como titular no CPCAR 2018. Agrade\u00e7o profundamente a equipe CPM (professores e administra\u00e7\u00e3o) pelo empenho em n\u00e3o me deixar desanimar durante a jornada e por garantir que o clima fosse o melhor poss\u00edvel para que eu e outros pud\u00e9ssemos chegar cada vez mais perto de nossos sonhos.<\/p>\n<p><em>Amanda Cacavo \u2013 APROVADA ESPCEX<\/em><\/p>\n<p>Na minha trajet\u00f3ria em busca da aprova\u00e7\u00e3o tive o prazer de conhecer a equipe CPM, que fez parte da realiza\u00e7\u00e3o desse sonho. O curso ofereceu todo o suporte necess\u00e1rio fosse dentro e fora da sala de aula, eles sempre trouxeram mais para que pud\u00e9ssemos conhecer sobre as nossas escolhas dentro da \u00e1rea militar, os funcion\u00e1rios se tornaram amigos tornando mais leve a rotina de estudos, os professores sempre comprometidos n\u00e3o deixaram nem mesmo que a pandemia afetasse a qualidade do ensino, com aulas din\u00e2micas e que fizeram com que pudesse aprender muito mais e al\u00e9m do que apenas professores e funcion\u00e1rios, ganhei a equipe CPM como uma segunda fam\u00edlia, sendo uma parte fundamental para a minha aprova\u00e7\u00e3o na EsPCEx.<\/p>\n<p><em>Layza Robeta \u2013 APROVADA EEAR<\/em><\/p>\n<p>Minha trajet\u00f3ria no CPM se iniciou no ano de 2017, no qual comecei o cursinho para EPCAR, desde essa \u00e9poca sempre soube que meu objetivo seria o de adentrar ao meio militar. No ano de 2019, gra\u00e7as a todo o apoio que recebi do cursinho, seja com: palestras, conversas e esfor\u00e7o, fui aprovada na EPCAR, por\u00e9m no final de todas as etapas acabei ficando na reserva. Mas, sempre me mantive persistente, e tive o apoio dos meus familiares e da equipe CPM para prosseguir em busca de uma aprova\u00e7\u00e3o. Desse modo, no ano de 2020, fiz a prova da EEAR no meio do ano e consegui obter a t\u00e3o esperada classifica\u00e7\u00e3o, depois de um ano t\u00e3o adverso por conta da pandemia. Hoje, gostaria de deixar o meu agradecimento a toda equipe do CPM pelo suporte e ajude que deram para mim, at\u00e9 que eu chegasse aqui, sem voc\u00eas n\u00e3o teria conseguido isso, em especial ao Marlon, Ricardo, Emileine e Almeida que sempre acreditaram em mim e no meu potencial e al\u00e9m disso, sou muita grata ao amigos que fiz no cursinho, alguns, hoje, irm\u00e3os de farda e outros que ainda est\u00e3o caminhando para adentrar nesse mundo.<\/p>\n","protected":false},"excerpt":{"rendered":"<p>Vitor Castro \u2013 APROVADO AFA Desde o primeiro dia que pisei no CPM me senti profundamente acolhido por todos. Ter a certeza que poderia contar com todos ali presentes sem sombra de d\u00favidas ajudou muito para o alcance do objetivo final, o de ser aprovado no concurso da Academia da For\u00e7a A\u00e9rea. Somente os que por ali passaram sabem das in\u00fameras dificuldades enfrentadas, a falta de motiva\u00e7\u00e3o, o sono di\u00e1rio, as incertezas dos concursos e as frustra\u00e7\u00f5es de n\u00e3o ser<\/p>\n","protected":false},"author":1,"featured_media":0,"parent":0,"menu_order":0,"comment_status":"closed","ping_status":"closed","template":"","meta":{"footnotes":""},"class_list":["post-2441","page","type-page","status-publish","hentry"],"_links":{"self":[{"href":"https:\/\/colegioecursocpm.com.br\/index.php\/wp-json\/wp\/v2\/pages\/2441","targetHints":{"allow":["GET"]}}],"collection":[{"href":"https:\/\/colegioecursocpm.com.br\/index.php\/wp-json\/wp\/v2\/pages"}],"about":[{"href":"https:\/\/colegioecursocpm.com.br\/index.php\/wp-json\/wp\/v2\/types\/page"}],"author":[{"embeddable":true,"href":"https:\/\/colegioecursocpm.com.br\/index.php\/wp-json\/wp\/v2\/users\/1"}],"replies":[{"embeddable":true,"href":"https:\/\/colegioecursocpm.com.br\/index.php\/wp-json\/wp\/v2\/comments?post=2441"}],"version-history":[{"count":5,"href":"https:\/\/colegioecursocpm.com.br\/index.php\/wp-json\/wp\/v2\/pages\/2441\/revisions"}],"predecessor-version":[{"id":2682,"href":"https:\/\/colegioecursocpm.com.br\/index.php\/wp-json\/wp\/v2\/pages\/2441\/revisions\/2682"}],"wp:attachment":[{"href":"https:\/\/colegioecursocpm.com.br\/index.php\/wp-json\/wp\/v2\/media?parent=2441"}],"curies":[{"name":"wp","href":"https:\/\/api.w.org\/{rel}","templated":true}]}}