{"id":2701,"date":"2023-12-29T13:36:33","date_gmt":"2023-12-29T16:36:33","guid":{"rendered":"https:\/\/colegioecursocpm.com.br\/site_novo\/?page_id=2701"},"modified":"2024-05-06T17:42:45","modified_gmt":"2024-05-06T20:42:45","slug":"proposta-pedagogica-e-diferenciais","status":"publish","type":"page","link":"https:\/\/colegioecursocpm.com.br\/index.php\/proposta-pedagogica-e-diferenciais\/","title":{"rendered":"Proposta Pedag\u00f3gica e Diferenciais"},"content":{"rendered":"<h2>Educa\u00e7\u00e3o Infantil &#8211; Pr\u00e9 1 (4 ANOS) e Pr\u00e9 2 (5 ANOS)<\/h2>\n<h2>Proposta Pedag\u00f3gica<\/h2>\n<p>A estrutura e organiza\u00e7\u00e3o curricular da Educa\u00e7\u00e3o Infantil ter\u00e3o como ponto de partida os conhecimentos pr\u00e9vios do aluno, ampliando-os e organizando-os rumo \u00e0 apropria\u00e7\u00e3o do conhecimento historicamente acumulado para que, atrav\u00e9s de um processo de constru\u00e7\u00e3o, cria\u00e7\u00e3o e explora\u00e7\u00e3o de diferentes campos de experi\u00eancias, a crian\u00e7a se perceba enquanto sujeito hist\u00f3rico-social, interagindo com o outro e com o mundo, por meio do brincar e aprender, desenvolvendo-se em seus aspectos f\u00edsico, psicol\u00f3gico, intelectual e social.<\/p>\n<h2>Diferenciais<\/h2>\n<p>\u2022 Conte\u00fados alinhados \u00e0 BNCC;<br \/>\n\u2022 Se\u00e7\u00f5es alinhadas \u00e0 cole\u00e7\u00e3o do EFI;<br \/>\n\u2022 Valoriza\u00e7\u00e3o da psicomotricidade;<br \/>\n\u2022 Valoriza\u00e7\u00e3o da leitura ( N\u00edvel 3 e 4); e<br \/>\n\u2022 Organiza\u00e7\u00e3o da proposta pedag\u00f3gica.<\/p>\n<h2>Conte\u00fados Alinhados a BNCC<\/h2>\n<p><img loading=\"lazy\" decoding=\"async\" class=\"aligncenter wp-image-2705 size-full\" src=\"https:\/\/colegioecursocpm.com.br\/site_novo\/wp-content\/uploads\/2023\/12\/ensino-infantil-cpm-pirassununga.jpg\" alt=\"ensino-infantil-cpm-pirassununga\" width=\"564\" height=\"347\" srcset=\"https:\/\/colegioecursocpm.com.br\/site_novo\/wp-content\/uploads\/2023\/12\/ensino-infantil-cpm-pirassununga.jpg 564w, https:\/\/colegioecursocpm.com.br\/site_novo\/wp-content\/uploads\/2023\/12\/ensino-infantil-cpm-pirassununga-300x185.jpg 300w\" sizes=\"auto, (max-width: 564px) 100vw, 564px\" \/><\/p>\n<h2>Aulas Extracurriculares<\/h2>\n<ul>\n<li>Rob\u00f3tica<\/li>\n<li>Hora da Hist\u00f3ria<\/li>\n<li>Psicomotricidade<\/li>\n<li>Corpo, Arte e Movimento<\/li>\n<li>Cidadania<\/li>\n<li>Capoeira<\/li>\n<li>Musica<\/li>\n<\/ul>\n<p>&nbsp;<\/p>\n","protected":false},"excerpt":{"rendered":"<p>Educa\u00e7\u00e3o Infantil &#8211; Pr\u00e9 1 (4 ANOS) e Pr\u00e9 2 (5 ANOS) Proposta Pedag\u00f3gica A estrutura e organiza\u00e7\u00e3o curricular da Educa\u00e7\u00e3o Infantil ter\u00e3o como ponto de partida os conhecimentos pr\u00e9vios do aluno, ampliando-os e organizando-os rumo \u00e0 apropria\u00e7\u00e3o do conhecimento historicamente acumulado para que, atrav\u00e9s de um processo de constru\u00e7\u00e3o, cria\u00e7\u00e3o e explora\u00e7\u00e3o de diferentes campos de experi\u00eancias, a crian\u00e7a se perceba enquanto sujeito hist\u00f3rico-social, interagindo com o outro e com o mundo, por meio do brincar e aprender, desenvolvendo-se<\/p>\n","protected":false},"author":1,"featured_media":0,"parent":0,"menu_order":0,"comment_status":"closed","ping_status":"closed","template":"","meta":{"footnotes":""},"class_list":["post-2701","page","type-page","status-publish","hentry"],"_links":{"self":[{"href":"https:\/\/colegioecursocpm.com.br\/index.php\/wp-json\/wp\/v2\/pages\/2701","targetHints":{"allow":["GET"]}}],"collection":[{"href":"https:\/\/colegioecursocpm.com.br\/index.php\/wp-json\/wp\/v2\/pages"}],"about":[{"href":"https:\/\/colegioecursocpm.com.br\/index.php\/wp-json\/wp\/v2\/types\/page"}],"author":[{"embeddable":true,"href":"https:\/\/colegioecursocpm.com.br\/index.php\/wp-json\/wp\/v2\/users\/1"}],"replies":[{"embeddable":true,"href":"https:\/\/colegioecursocpm.com.br\/index.php\/wp-json\/wp\/v2\/comments?post=2701"}],"version-history":[{"count":11,"href":"https:\/\/colegioecursocpm.com.br\/index.php\/wp-json\/wp\/v2\/pages\/2701\/revisions"}],"predecessor-version":[{"id":2770,"href":"https:\/\/colegioecursocpm.com.br\/index.php\/wp-json\/wp\/v2\/pages\/2701\/revisions\/2770"}],"wp:attachment":[{"href":"https:\/\/colegioecursocpm.com.br\/index.php\/wp-json\/wp\/v2\/media?parent=2701"}],"curies":[{"name":"wp","href":"https:\/\/api.w.org\/{rel}","templated":true}]}}